{"id":572,"date":"2020-08-10T01:10:41","date_gmt":"2020-08-10T01:10:41","guid":{"rendered":"https:\/\/mueblesinigo.com\/?page_id=572"},"modified":"2021-02-02T22:26:31","modified_gmt":"2021-02-02T22:26:31","slug":"aviso-legal","status":"publish","type":"page","link":"https:\/\/mueblesinigo.com\/eu\/aviso-legal\/","title":{"rendered":"Ohar legala"},"content":{"rendered":"<p><\/p>\n\n\n\n<div class=\"wp-block-group\"><div class=\"wp-block-group__inner-container is-layout-flow wp-block-group-is-layout-flow\">\n<p>El siguiente texto se refiere al sitio web \u201cmueblesinigo.com\u201d, en el que se encuentra ahora mismo.<\/p>\n\n\n\n<h2 class=\"wp-block-heading\">Identificaci\u00f3n y titularidad<\/h2>\n\n\n\n<p>Es Titular:<\/p>\n\n\n\n<p>URMO Interioristas, S.L. (B-01569128)<\/p>\n\n\n\n<p>C\/Gasteizbide 63, pab. 2, 01240 Alegr\u00eda-Dulantzi, \u00c1lava-Araba. Euskal Herria.<\/p>\n\n\n\n<p>(+34)945420237.<\/p>\n\n\n\n<h2 class=\"wp-block-heading\">Finalidad<\/h2>\n\n\n\n<p>La finalidad de este sitio web es ofrecer informaci\u00f3n comercial orientativa y datos de contacto sobre la empresa Titular.<\/p>\n\n\n\n<h2 class=\"wp-block-heading\" id=\"condiciones-de-uso\">Condiciones de Uso<\/h2>\n\n\n\n<p>La utilizaci\u00f3n del sitio Web le otorga la condici\u00f3n de Usuario o Visitante, e implica la aceptaci\u00f3n completa y sin reservas de todas las cl\u00e1usulas y condiciones de uso incluidas en las p\u00e1ginas:<\/p>\n\n\n\n<ul class=\"wp-block-list\"><li>Aviso Legal<\/li><li><a href=\"https:\/\/mueblesinigo.com\/eu\/politica-de-cookie-ue\/\" class=\"rank-math-link\">Pol\u00edtica de Privacidad<\/a><\/li><li><a href=\"https:\/\/mueblesinigo.com\/eu\/politica-de-cookie-ue\/\" class=\"rank-math-link\">Pol\u00edtica de Cookies<\/a><\/li><\/ul>\n\n\n\n<p>Si no estuviera conforme con todas y cada una de estas cl\u00e1usulas y condiciones abst\u00e9ngase de utilizar este sitio Web.<\/p>\n\n\n\n<p>El acceso a este sitio Web no supone, en modo alguno, el inicio de una relaci\u00f3n comercial con el Titular.<\/p>\n\n\n\n<p>A trav\u00e9s de este sitio Web, el Titular le facilita el acceso y la utilizaci\u00f3n de diversos contenidos que el Titular o sus colaboradores han publicado por medio de Internet.<\/p>\n\n\n\n<p>A tal efecto, usted est\u00e1 obligado y comprometido a no utilizar cualquiera de los contenidos del sitio Web con fines o efectos il\u00edcitos, prohibidos en este Aviso Legal o por la legislaci\u00f3n vigente, lesivos de los derechos e intereses de terceros, o que de cualquier forma puedan da\u00f1ar, inutilizar, sobrecargar, deteriorar o impedir la normal utilizaci\u00f3n de los contenidos, los equipos inform\u00e1ticos o los documentos, archivos y toda clase de contenidos almacenados en cualquier equipo inform\u00e1tico propios o contratados por el Titular, de otros usuarios o de cualquier usuario de Internet.<\/p>\n\n\n\n<p>La informaci\u00f3n que proporciona este sitio web, tanto propia como de terceros, se proporciona \u201ccomo est\u00e1\u201d sin garant\u00eda de ninguna clase respecto a la exactitud y actualizaci\u00f3n de la misma.<\/p>\n\n\n\n<h2 class=\"wp-block-heading\" id=\"contenidos\">Contenidos<\/h2>\n\n\n\n<p>El Titular, si bien ha tomado todas las medidas razonables para asegurar que la informaci\u00f3n contenida es correcta, el Titular no garantiza que sea exacta, completa o actualizada. El Titular declina expresamente cualquier responsabilidad por error u omisi\u00f3n en la informaci\u00f3n contenida en las p\u00e1ginas de este sitio Web.<\/p>\n\n\n\n<p>Queda prohibido transmitir o enviar a trav\u00e9s del sitio Web cualquier contenido ilegal o il\u00edcito, virus inform\u00e1ticos, o mensajes que, en general, afecten o violen derechos de&nbsp;el Titular o de terceros.<\/p>\n\n\n\n<p>Los contenidos del Sitio Web tienen \u00fanicamente una finalidad informativa y bajo ninguna circunstancia deben usarse ni considerarse como oferta de venta, solicitud de una oferta de compra ni recomendaci\u00f3n para realizar cualquier otra operaci\u00f3n, salvo que as\u00ed se indique expresamente.<\/p>\n\n\n\n<p>El Titular se reserva el derecho a modificar, suspender, cancelar o restringir el contenido del Sitio Web, los v\u00ednculos o la informaci\u00f3n obtenida a trav\u00e9s del sitio Web, sin necesidad de previo aviso.<\/p>\n\n\n\n<p>El Titular no es responsable de los da\u00f1os y perjuicios que pudieran derivarse de la utilizaci\u00f3n de la informaci\u00f3n del sitio Web o de la contenida en las redes sociales del Titular.<\/p>\n\n\n\n<h2 class=\"wp-block-heading\" id=\"propiedad-intelectual-e-industrial\">Propiedad intelectual e industrial<\/h2>\n\n\n\n<p>Todos los derechos est\u00e1n reservados, tanto para el contenido del sitio como para la imagen de marca.<\/p>\n\n\n\n<p>Todo acceso a este sitio Web est\u00e1 sujeto a las siguientes condiciones: la reproducci\u00f3n, almacenaje permanente y la difusi\u00f3n de los contenidos o cualquier otro uso que tenga finalidad p\u00fablica o comercial queda expresamente prohibida sin el consentimiento previo expreso y por escrito del Titular.<\/p>\n\n\n\n<p>Las im\u00e1genes de archivo que pueda contener este sitio ser\u00e1n de dominio p\u00fablico, libre uso, o adecuadamente licenciadas. Las tipograf\u00edas concretas que pueda contener este sitio ser\u00e1n utilizadas de acuerdo a sus licencias particulares.<\/p>\n\n\n\n<h2 class=\"wp-block-heading\" id=\"limitacin-de-responsabilidad\">Limitaci\u00f3n de responsabilidad<\/h2>\n\n\n\n<p>La informaci\u00f3n y servicios incluidos o disponibles a trav\u00e9s de este sitio Web pueden incluir incorrecciones o errores tipogr\u00e1ficos. De forma peri\u00f3dica el Titular puede incorporar mejoras y\/o cambios a la informaci\u00f3n contenida y\/o los Servicios que puede introducir en cualquier momento. As\u00ed mismo, no se asume responsabilidad por el contenido de sitios de terceros a los que pudiera enlazarse o hacerse referencia en la web.<\/p>\n\n\n\n<p>El Titular no declara ni garantiza que los servicios o contenidos sean interrumpidos o que est\u00e9n libres de errores, que los defectos sean corregidos, o que el servicio o el servidor que lo pone a disposici\u00f3n est\u00e9n libres de virus u otros componentes nocivos sin perjuicio de que el Titular realiza todos los esfuerzos en evitar este tipo de incidentes.<\/p>\n\n\n\n<p>El Titular declina cualquier responsabilidad en caso de que existan interrupciones o un mal funcionamiento de los Servicios o contenidos ofrecidos en o fuera de Internet, cualquiera que sea su causa.<\/p>\n\n\n\n<h2 class=\"wp-block-heading\" id=\"derecho-de-exclusin-smallopcionalsmall\">Derecho de exclusi\u00f3n<\/h2>\n\n\n\n<p>Titular se reserva el derecho a denegar o retirar el acceso al sitio Web y los servicios ofrecidos sin necesidad de preaviso, a instancia propia o de un tercero, a aquellos usuarios que incumplan cualquiera de las condiciones de este Aviso Legal.<\/p>\n\n\n\n<h2 class=\"wp-block-heading\" id=\"jurisdiccin\">Jurisdicci\u00f3n<\/h2>\n\n\n\n<p>Este Aviso Legal se rige \u00edntegramente por la legislaci\u00f3n espa\u00f1ola.<\/p>\n\n\n\n<p>Siempre que no haya una norma que obligue a otra cosa, para cuantas cuestiones se susciten sobre la interpretaci\u00f3n, aplicaci\u00f3n y cumplimiento de este Aviso Legal, as\u00ed como de las reclamaciones que puedan derivarse de su uso, las partes acuerdan someterse a los Jueces y Tribunales de la provincia de\u00a0\u00c1lava, con renuncia expresa de cualquier otra jurisdicci\u00f3n que pudiera corresponderles.<\/p>\n\n\n\n<p>Este sitio prev\u00e9 tr\u00e1fico de, y recibe principalmente visitantes de Espa\u00f1a, UE.<\/p>\n\n\n\n<h2 class=\"wp-block-heading\" id=\"contacto\">Kontaktua<\/h2>\n\n\n\n<p>En caso de que usted tenga cualquier duda acerca de estas Condiciones legales o quiera realizar cualquier comentario sobre este sitio Web, puede ponerse en contacto con nosotros:<\/p>\n\n\n\n<p>URMO Interioristas SL<\/p>\n\n\n\n<p>C\/Gasteizbide 63, pab. 2; 01240 Alegr\u00eda-Dulantzi, Araba-\u00c1lava, Euskadi.<\/p>\n\n\n\n<p>945420237.<\/p>\n\n\n\n<div style=\"height:100px\" aria-hidden=\"true\" class=\"wp-block-spacer\"><\/div>\n\n\n\n<p class=\"has-small-font-size\">Prevalezca el texto en castellano.<\/p>\n\n\n\n<p class=\"has-small-font-size\">\u00daltima modificaci\u00f3n: 2 de febrero del 2021.<\/p>\n\n\n\n<p><\/p>\n<\/div><\/div>","protected":false},"excerpt":{"rendered":"<p>El siguiente texto se refiere al sitio web \u201cmueblesinigo.com\u201d, en el que se encuentra ahora mismo. Identificaci\u00f3n y titularidad Es Titular: URMO Interioristas, S.L. (B-01569128) C\/Gasteizbide 63, pab. 2, 01240 Alegr\u00eda-Dulantzi, \u00c1lava-Araba. Euskal Herria. (+34)945420237. Finalidad La finalidad de este sitio web es ofrecer informaci\u00f3n comercial orientativa y datos de contacto sobre la empresa Titular.&hellip;&nbsp;<a href=\"https:\/\/mueblesinigo.com\/eu\/aviso-legal\/\" rel=\"bookmark\">Read More &raquo;<span class=\"screen-reader-text\">Ohar legala<\/span><\/a><\/p>","protected":false},"author":3,"featured_media":0,"parent":0,"menu_order":0,"comment_status":"closed","ping_status":"closed","template":"","meta":{"neve_meta_sidebar":"","neve_meta_container":"","neve_meta_enable_content_width":"off","neve_meta_content_width":100,"neve_meta_title_alignment":"","neve_meta_author_avatar":"","neve_post_elements_order":"","neve_meta_disable_header":"","neve_meta_disable_footer":"","neve_meta_disable_title":"","_themeisle_gutenberg_block_has_review":false,"footnotes":""},"class_list":["post-572","page","type-page","status-publish","hentry"],"_links":{"self":[{"href":"https:\/\/mueblesinigo.com\/eu\/wp-json\/wp\/v2\/pages\/572","targetHints":{"allow":["GET"]}}],"collection":[{"href":"https:\/\/mueblesinigo.com\/eu\/wp-json\/wp\/v2\/pages"}],"about":[{"href":"https:\/\/mueblesinigo.com\/eu\/wp-json\/wp\/v2\/types\/page"}],"author":[{"embeddable":true,"href":"https:\/\/mueblesinigo.com\/eu\/wp-json\/wp\/v2\/users\/3"}],"replies":[{"embeddable":true,"href":"https:\/\/mueblesinigo.com\/eu\/wp-json\/wp\/v2\/comments?post=572"}],"version-history":[{"count":8,"href":"https:\/\/mueblesinigo.com\/eu\/wp-json\/wp\/v2\/pages\/572\/revisions"}],"predecessor-version":[{"id":822,"href":"https:\/\/mueblesinigo.com\/eu\/wp-json\/wp\/v2\/pages\/572\/revisions\/822"}],"wp:attachment":[{"href":"https:\/\/mueblesinigo.com\/eu\/wp-json\/wp\/v2\/media?parent=572"}],"curies":[{"name":"wp","href":"https:\/\/api.w.org\/{rel}","templated":true}]}}