{"id":32,"date":"2020-01-17T15:28:09","date_gmt":"2020-01-17T15:28:09","guid":{"rendered":"https:\/\/demo.themeisle.com\/neve-web-agency\/?page_id=32"},"modified":"2020-08-10T14:56:35","modified_gmt":"2020-08-10T14:56:35","slug":"decoracion-reformas","status":"publish","type":"page","link":"https:\/\/mueblesinigo.com\/eu\/decoracion-reformas\/","title":{"rendered":"Dekorazioa eta berritzeak"},"content":{"rendered":"<div data-elementor-type=\"wp-page\" data-elementor-id=\"32\" class=\"elementor elementor-32\">\n\t\t\t\t\t\t<section class=\"elementor-section elementor-top-section elementor-element elementor-element-b3c6737 elementor-hidden-tablet elementor-hidden-phone elementor-hidden-desktop elementor-section-boxed elementor-section-height-default elementor-section-height-default\" data-id=\"b3c6737\" data-element_type=\"section\" data-e-type=\"section\">\n\t\t\t\t\t\t<div class=\"elementor-container elementor-column-gap-default\">\n\t\t\t\t\t<div class=\"elementor-column elementor-col-100 elementor-top-column elementor-element elementor-element-2508809\" data-id=\"2508809\" data-element_type=\"column\" data-e-type=\"column\">\n\t\t\t<div class=\"elementor-widget-wrap elementor-element-populated\">\n\t\t\t\t\t\t<div class=\"elementor-element elementor-element-46d8af3 elementor-widget elementor-widget-text-editor\" data-id=\"46d8af3\" data-element_type=\"widget\" data-e-type=\"widget\" data-widget_type=\"text-editor.default\">\n\t\t\t\t<div class=\"elementor-widget-container\">\n\t\t\t\t\t\t\t\t\t<p><a href=\"https:\/\/mueblesinigo.com\/eu\/\">Reformas<\/a> en <a href=\"https:\/\/mueblesinigo.com\/index.php\/mobiliario\/\">Vitoria<\/a>. Muebles en Vitoria.<\/p>\t\t\t\t\t\t\t\t<\/div>\n\t\t\t\t<\/div>\n\t\t\t\t\t<\/div>\n\t\t<\/div>\n\t\t\t\t\t<\/div>\n\t\t<\/section>\n\t\t\t\t<section class=\"elementor-section elementor-top-section elementor-element elementor-element-cc658e1 elementor-section-boxed elementor-section-height-default elementor-section-height-default\" data-id=\"cc658e1\" data-element_type=\"section\" data-e-type=\"section\" data-settings=\"{&quot;background_background&quot;:&quot;classic&quot;}\">\n\t\t\t\t\t\t<div class=\"elementor-container elementor-column-gap-default\">\n\t\t\t\t\t<div class=\"elementor-column elementor-col-50 elementor-top-column elementor-element elementor-element-e2988d2\" data-id=\"e2988d2\" data-element_type=\"column\" data-e-type=\"column\" data-settings=\"{&quot;background_background&quot;:&quot;classic&quot;}\">\n\t\t\t<div class=\"elementor-widget-wrap elementor-element-populated\">\n\t\t\t\t\t<div class=\"elementor-background-overlay\"><\/div>\n\t\t\t\t\t\t<div class=\"elementor-element elementor-element-2394b5dd elementor-widget-divider--view-line elementor-widget elementor-widget-divider\" data-id=\"2394b5dd\" data-element_type=\"widget\" data-e-type=\"widget\" data-widget_type=\"divider.default\">\n\t\t\t\t<div class=\"elementor-widget-container\">\n\t\t\t\t\t\t\t<div class=\"elementor-divider\">\n\t\t\t<span class=\"elementor-divider-separator\">\n\t\t\t\t\t\t<\/span>\n\t\t<\/div>\n\t\t\t\t\t\t<\/div>\n\t\t\t\t<\/div>\n\t\t\t\t<div class=\"elementor-element elementor-element-51eaa567 elementor-widget elementor-widget-heading\" data-id=\"51eaa567\" data-element_type=\"widget\" data-e-type=\"widget\" data-widget_type=\"heading.default\">\n\t\t\t\t<div class=\"elementor-widget-container\">\n\t\t\t\t\t<h2 class=\"elementor-heading-title elementor-size-default\">Barnegintza eta Diseinua<\/h2>\t\t\t\t<\/div>\n\t\t\t\t<\/div>\n\t\t\t\t<div class=\"elementor-element elementor-element-e99f420 elementor-widget elementor-widget-spacer\" data-id=\"e99f420\" data-element_type=\"widget\" data-e-type=\"widget\" data-widget_type=\"spacer.default\">\n\t\t\t\t<div class=\"elementor-widget-container\">\n\t\t\t\t\t\t\t<div class=\"elementor-spacer\">\n\t\t\t<div class=\"elementor-spacer-inner\"><\/div>\n\t\t<\/div>\n\t\t\t\t\t\t<\/div>\n\t\t\t\t<\/div>\n\t\t\t\t<div class=\"elementor-element elementor-element-be4c9bc elementor-widget elementor-widget-text-editor\" data-id=\"be4c9bc\" data-element_type=\"widget\" data-e-type=\"widget\" data-widget_type=\"text-editor.default\">\n\t\t\t\t<div class=\"elementor-widget-container\">\n\t\t\t\t\t\t\t\t\t<p style=\"caret-color: #000000; color: #000000; font-size: 20px;\">Zuretzat, zure familiarentzat edo zure lanerako espazioak sortzen ditugu.\u00a0<\/p><p style=\"caret-color: #000000; color: #000000; font-size: 20px;\" class=\"translation-block\">Gure diseinuak <span style=\"font-weight: bold\">txukunak, erabilgarriak eta dotoreak<\/span> dira.<\/p>\t\t\t\t\t\t\t\t<\/div>\n\t\t\t\t<\/div>\n\t\t\t\t\t<\/div>\n\t\t<\/div>\n\t\t\t\t<div class=\"elementor-column elementor-col-50 elementor-top-column elementor-element elementor-element-0498698\" data-id=\"0498698\" data-element_type=\"column\" data-e-type=\"column\" data-settings=\"{&quot;background_background&quot;:&quot;classic&quot;}\">\n\t\t\t<div class=\"elementor-widget-wrap elementor-element-populated\">\n\t\t\t\t\t\t<div class=\"elementor-element elementor-element-5d5bda6 elementor-widget elementor-widget-image\" data-id=\"5d5bda6\" data-element_type=\"widget\" data-e-type=\"widget\" data-widget_type=\"image.default\">\n\t\t\t\t<div class=\"elementor-widget-container\">\n\t\t\t\t\t\t\t\t\t\t\t\t\t\t\t<img fetchpriority=\"high\" decoding=\"async\" width=\"768\" height=\"411\" src=\"https:\/\/mueblesinigo.com\/wp-content\/uploads\/2020\/06\/AdobeStock_227220529-scaled-e1597070982360-768x411.jpeg\" class=\"attachment-medium_large size-medium_large wp-image-321\" alt=\"Reformas en Vitoria, Vitoria-Gasteiz, Alegr\u00eda y Alegr\u00eda-Dulantzi\" srcset=\"https:\/\/mueblesinigo.com\/wp-content\/uploads\/2020\/06\/AdobeStock_227220529-scaled-e1597070982360-768x411.jpeg 768w, https:\/\/mueblesinigo.com\/wp-content\/uploads\/2020\/06\/AdobeStock_227220529-scaled-e1597070982360-300x161.jpeg 300w, https:\/\/mueblesinigo.com\/wp-content\/uploads\/2020\/06\/AdobeStock_227220529-scaled-e1597070982360-1024x549.jpeg 1024w, https:\/\/mueblesinigo.com\/wp-content\/uploads\/2020\/06\/AdobeStock_227220529-scaled-e1597070982360-1536x823.jpeg 1536w, https:\/\/mueblesinigo.com\/wp-content\/uploads\/2020\/06\/AdobeStock_227220529-scaled-e1597070982360.jpeg 1792w\" sizes=\"(max-width: 768px) 100vw, 768px\" \/>\t\t\t\t\t\t\t\t\t\t\t\t\t\t\t<\/div>\n\t\t\t\t<\/div>\n\t\t\t\t\t<\/div>\n\t\t<\/div>\n\t\t\t\t\t<\/div>\n\t\t<\/section>\n\t\t\t\t<section class=\"elementor-section elementor-top-section elementor-element elementor-element-db32d8b elementor-section-boxed elementor-section-height-default elementor-section-height-default\" data-id=\"db32d8b\" data-element_type=\"section\" data-e-type=\"section\">\n\t\t\t\t\t\t<div class=\"elementor-container elementor-column-gap-default\">\n\t\t\t\t\t<div class=\"elementor-column elementor-col-100 elementor-top-column elementor-element elementor-element-0ab2910\" data-id=\"0ab2910\" data-element_type=\"column\" data-e-type=\"column\">\n\t\t\t<div class=\"elementor-widget-wrap elementor-element-populated\">\n\t\t\t\t\t\t<div class=\"elementor-element elementor-element-11c3762 elementor-widget elementor-widget-spacer\" data-id=\"11c3762\" data-element_type=\"widget\" data-e-type=\"widget\" data-widget_type=\"spacer.default\">\n\t\t\t\t<div class=\"elementor-widget-container\">\n\t\t\t\t\t\t\t<div class=\"elementor-spacer\">\n\t\t\t<div class=\"elementor-spacer-inner\"><\/div>\n\t\t<\/div>\n\t\t\t\t\t\t<\/div>\n\t\t\t\t<\/div>\n\t\t\t\t\t<\/div>\n\t\t<\/div>\n\t\t\t\t\t<\/div>\n\t\t<\/section>\n\t\t\t\t<section class=\"elementor-section elementor-top-section elementor-element elementor-element-eabd74b elementor-section-boxed elementor-section-height-default elementor-section-height-default\" data-id=\"eabd74b\" data-element_type=\"section\" data-e-type=\"section\" data-settings=\"{&quot;background_background&quot;:&quot;classic&quot;}\">\n\t\t\t\t\t\t<div class=\"elementor-container elementor-column-gap-default\">\n\t\t\t\t\t<div class=\"elementor-column elementor-col-50 elementor-top-column elementor-element elementor-element-19b555b\" data-id=\"19b555b\" data-element_type=\"column\" data-e-type=\"column\" data-settings=\"{&quot;background_background&quot;:&quot;classic&quot;}\">\n\t\t\t<div class=\"elementor-widget-wrap elementor-element-populated\">\n\t\t\t\t\t\t<div class=\"elementor-element elementor-element-6c7293c elementor-widget elementor-widget-image\" data-id=\"6c7293c\" data-element_type=\"widget\" data-e-type=\"widget\" data-widget_type=\"image.default\">\n\t\t\t\t<div class=\"elementor-widget-container\">\n\t\t\t\t\t\t\t\t\t\t\t\t\t\t\t<img decoding=\"async\" width=\"768\" height=\"512\" src=\"https:\/\/mueblesinigo.com\/wp-content\/uploads\/2020\/05\/AdobeStock_243154775-768x512.jpeg\" class=\"attachment-medium_large size-medium_large wp-image-266\" alt=\"Muestras y bocetos para decoraci\u00f3n\" srcset=\"https:\/\/mueblesinigo.com\/wp-content\/uploads\/2020\/05\/AdobeStock_243154775-768x512.jpeg 768w, https:\/\/mueblesinigo.com\/wp-content\/uploads\/2020\/05\/AdobeStock_243154775-300x200.jpeg 300w, https:\/\/mueblesinigo.com\/wp-content\/uploads\/2020\/05\/AdobeStock_243154775-1024x683.jpeg 1024w\" sizes=\"(max-width: 768px) 100vw, 768px\" \/>\t\t\t\t\t\t\t\t\t\t\t\t\t\t\t<\/div>\n\t\t\t\t<\/div>\n\t\t\t\t\t<\/div>\n\t\t<\/div>\n\t\t\t\t<div class=\"elementor-column elementor-col-50 elementor-top-column elementor-element elementor-element-7a4b066\" data-id=\"7a4b066\" data-element_type=\"column\" data-e-type=\"column\" data-settings=\"{&quot;background_background&quot;:&quot;classic&quot;}\">\n\t\t\t<div class=\"elementor-widget-wrap elementor-element-populated\">\n\t\t\t\t\t<div class=\"elementor-background-overlay\"><\/div>\n\t\t\t\t\t\t<div class=\"elementor-element elementor-element-c910139 elementor-widget-divider--view-line elementor-widget elementor-widget-divider\" data-id=\"c910139\" data-element_type=\"widget\" data-e-type=\"widget\" data-widget_type=\"divider.default\">\n\t\t\t\t<div class=\"elementor-widget-container\">\n\t\t\t\t\t\t\t<div class=\"elementor-divider\">\n\t\t\t<span class=\"elementor-divider-separator\">\n\t\t\t\t\t\t<\/span>\n\t\t<\/div>\n\t\t\t\t\t\t<\/div>\n\t\t\t\t<\/div>\n\t\t\t\t<div class=\"elementor-element elementor-element-dc5d648 elementor-widget elementor-widget-heading\" data-id=\"dc5d648\" data-element_type=\"widget\" data-e-type=\"widget\" data-widget_type=\"heading.default\">\n\t\t\t\t<div class=\"elementor-widget-container\">\n\t\t\t\t\t<h2 class=\"elementor-heading-title elementor-size-default\">Goitik beherako erreformak eta gremio-koordinazioa<\/h2>\t\t\t\t<\/div>\n\t\t\t\t<\/div>\n\t\t\t\t<div class=\"elementor-element elementor-element-19c9656 elementor-widget elementor-widget-spacer\" data-id=\"19c9656\" data-element_type=\"widget\" data-e-type=\"widget\" data-widget_type=\"spacer.default\">\n\t\t\t\t<div class=\"elementor-widget-container\">\n\t\t\t\t\t\t\t<div class=\"elementor-spacer\">\n\t\t\t<div class=\"elementor-spacer-inner\"><\/div>\n\t\t<\/div>\n\t\t\t\t\t\t<\/div>\n\t\t\t\t<\/div>\n\t\t\t\t<div class=\"elementor-element elementor-element-6eea11b elementor-widget elementor-widget-text-editor\" data-id=\"6eea11b\" data-element_type=\"widget\" data-e-type=\"widget\" data-widget_type=\"text-editor.default\">\n\t\t\t\t<div class=\"elementor-widget-container\">\n\t\t\t\t\t\t\t\t\t<p style=\"caret-color: #000000; color: #000000; font-size: 20px;\"><b>Zerbitzu guztiak<\/b> dauzkagu eta guk geuk zuzentzen ditugu.<\/p><p style=\"caret-color: #000000; color: #000000; font-size: 20px;\"><b>Bizitoki osoko proiektuak<\/b> egin ditzakegu.<\/p>\t\t\t\t\t\t\t\t<\/div>\n\t\t\t\t<\/div>\n\t\t\t\t\t<\/div>\n\t\t<\/div>\n\t\t\t\t\t<\/div>\n\t\t<\/section>\n\t\t\t\t<section class=\"elementor-section elementor-top-section elementor-element elementor-element-9c4701e elementor-section-boxed elementor-section-height-default elementor-section-height-default\" data-id=\"9c4701e\" data-element_type=\"section\" data-e-type=\"section\">\n\t\t\t\t\t\t<div class=\"elementor-container elementor-column-gap-default\">\n\t\t\t\t\t<div class=\"elementor-column elementor-col-100 elementor-top-column elementor-element elementor-element-5dc5ba4\" data-id=\"5dc5ba4\" data-element_type=\"column\" data-e-type=\"column\">\n\t\t\t<div class=\"elementor-widget-wrap elementor-element-populated\">\n\t\t\t\t\t\t<div class=\"elementor-element elementor-element-b6ceda0 elementor-widget elementor-widget-spacer\" data-id=\"b6ceda0\" data-element_type=\"widget\" data-e-type=\"widget\" data-widget_type=\"spacer.default\">\n\t\t\t\t<div class=\"elementor-widget-container\">\n\t\t\t\t\t\t\t<div class=\"elementor-spacer\">\n\t\t\t<div class=\"elementor-spacer-inner\"><\/div>\n\t\t<\/div>\n\t\t\t\t\t\t<\/div>\n\t\t\t\t<\/div>\n\t\t\t\t\t<\/div>\n\t\t<\/div>\n\t\t\t\t\t<\/div>\n\t\t<\/section>\n\t\t\t\t<section class=\"elementor-section elementor-top-section elementor-element elementor-element-bb33de1 elementor-section-height-min-height elementor-section-boxed elementor-section-height-default elementor-section-items-middle\" data-id=\"bb33de1\" data-element_type=\"section\" data-e-type=\"section\" data-settings=\"{&quot;background_background&quot;:&quot;classic&quot;}\">\n\t\t\t\t\t\t<div class=\"elementor-container elementor-column-gap-default\">\n\t\t\t\t\t<div class=\"elementor-column elementor-col-50 elementor-top-column elementor-element elementor-element-79cab0d\" data-id=\"79cab0d\" data-element_type=\"column\" data-e-type=\"column\" data-settings=\"{&quot;background_background&quot;:&quot;classic&quot;}\">\n\t\t\t<div class=\"elementor-widget-wrap elementor-element-populated\">\n\t\t\t\t\t<div class=\"elementor-background-overlay\"><\/div>\n\t\t\t\t\t\t<div class=\"elementor-element elementor-element-b6688ea elementor-widget-divider--view-line elementor-widget elementor-widget-divider\" data-id=\"b6688ea\" data-element_type=\"widget\" data-e-type=\"widget\" data-widget_type=\"divider.default\">\n\t\t\t\t<div class=\"elementor-widget-container\">\n\t\t\t\t\t\t\t<div class=\"elementor-divider\">\n\t\t\t<span class=\"elementor-divider-separator\">\n\t\t\t\t\t\t<\/span>\n\t\t<\/div>\n\t\t\t\t\t\t<\/div>\n\t\t\t\t<\/div>\n\t\t\t\t<div class=\"elementor-element elementor-element-d3cfff1 elementor-widget elementor-widget-heading\" data-id=\"d3cfff1\" data-element_type=\"widget\" data-e-type=\"widget\" data-widget_type=\"heading.default\">\n\t\t\t\t<div class=\"elementor-widget-container\">\n\t\t\t\t\t<h2 class=\"elementor-heading-title elementor-size-default\">Dekorazioa<\/h2>\t\t\t\t<\/div>\n\t\t\t\t<\/div>\n\t\t\t\t<div class=\"elementor-element elementor-element-6bca6f8 elementor-widget elementor-widget-spacer\" data-id=\"6bca6f8\" data-element_type=\"widget\" data-e-type=\"widget\" data-widget_type=\"spacer.default\">\n\t\t\t\t<div class=\"elementor-widget-container\">\n\t\t\t\t\t\t\t<div class=\"elementor-spacer\">\n\t\t\t<div class=\"elementor-spacer-inner\"><\/div>\n\t\t<\/div>\n\t\t\t\t\t\t<\/div>\n\t\t\t\t<\/div>\n\t\t\t\t<div class=\"elementor-element elementor-element-e57a249 elementor-widget elementor-widget-text-editor\" data-id=\"e57a249\" data-element_type=\"widget\" data-e-type=\"widget\" data-widget_type=\"text-editor.default\">\n\t\t\t\t<div class=\"elementor-widget-container\">\n\t\t\t\t\t\t\t\t\t<p style=\"caret-color: #000000; color: #000000; font-size: 20px;\">Behar baduzu, apainketan ere lagun zaitzakegu.<\/p><p style=\"caret-color: #000000; color: #000000; font-size: 20px;\">Koloreak hautatzetik ohe-arropa politak aukeratzerarte, behar duzunean aholkatzen zaitugu.<\/p><p style=\"caret-color: #000000; color: #000000; font-size: 20px;\">\u00a0<\/p>\t\t\t\t\t\t\t\t<\/div>\n\t\t\t\t<\/div>\n\t\t\t\t\t<\/div>\n\t\t<\/div>\n\t\t\t\t<div class=\"elementor-column elementor-col-50 elementor-top-column elementor-element elementor-element-d83fd1e\" data-id=\"d83fd1e\" data-element_type=\"column\" data-e-type=\"column\" data-settings=\"{&quot;background_background&quot;:&quot;classic&quot;}\">\n\t\t\t<div class=\"elementor-widget-wrap elementor-element-populated\">\n\t\t\t\t\t\t<div class=\"elementor-element elementor-element-56c626a elementor-widget elementor-widget-image\" data-id=\"56c626a\" data-element_type=\"widget\" data-e-type=\"widget\" data-widget_type=\"image.default\">\n\t\t\t\t<div class=\"elementor-widget-container\">\n\t\t\t\t\t\t\t\t\t\t\t\t\t\t\t<img decoding=\"async\" width=\"768\" height=\"512\" src=\"https:\/\/mueblesinigo.com\/wp-content\/uploads\/2020\/04\/AdobeStock_262952015-768x512.jpeg\" class=\"attachment-medium_large size-medium_large wp-image-213\" alt=\"Mesilla, silla y complementos de decoraci\u00f3n en nuestra tienda de muebles\" srcset=\"https:\/\/mueblesinigo.com\/wp-content\/uploads\/2020\/04\/AdobeStock_262952015-768x512.jpeg 768w, https:\/\/mueblesinigo.com\/wp-content\/uploads\/2020\/04\/AdobeStock_262952015-300x200.jpeg 300w, https:\/\/mueblesinigo.com\/wp-content\/uploads\/2020\/04\/AdobeStock_262952015-1024x683.jpeg 1024w\" sizes=\"(max-width: 768px) 100vw, 768px\" \/>\t\t\t\t\t\t\t\t\t\t\t\t\t\t\t<\/div>\n\t\t\t\t<\/div>\n\t\t\t\t\t<\/div>\n\t\t<\/div>\n\t\t\t\t\t<\/div>\n\t\t<\/section>\n\t\t\t\t<section class=\"elementor-section elementor-top-section elementor-element elementor-element-eed1002 elementor-section-boxed elementor-section-height-default elementor-section-height-default\" data-id=\"eed1002\" data-element_type=\"section\" data-e-type=\"section\">\n\t\t\t\t\t\t<div class=\"elementor-container elementor-column-gap-default\">\n\t\t\t\t\t<div class=\"elementor-column elementor-col-100 elementor-top-column elementor-element elementor-element-87a6feb\" data-id=\"87a6feb\" data-element_type=\"column\" data-e-type=\"column\">\n\t\t\t<div class=\"elementor-widget-wrap\">\n\t\t\t\t\t\t\t<\/div>\n\t\t<\/div>\n\t\t\t\t\t<\/div>\n\t\t<\/section>\n\t\t\t\t<section class=\"elementor-section elementor-top-section elementor-element elementor-element-22f5a08 elementor-hidden-desktop elementor-hidden-tablet elementor-hidden-phone elementor-section-boxed elementor-section-height-default elementor-section-height-default\" data-id=\"22f5a08\" data-element_type=\"section\" data-e-type=\"section\">\n\t\t\t\t\t\t<div class=\"elementor-container elementor-column-gap-default\">\n\t\t\t\t\t<div class=\"elementor-column elementor-col-100 elementor-top-column elementor-element elementor-element-6a13f30\" data-id=\"6a13f30\" data-element_type=\"column\" data-e-type=\"column\">\n\t\t\t<div class=\"elementor-widget-wrap elementor-element-populated\">\n\t\t\t\t\t\t<div class=\"elementor-element elementor-element-ba2c141 elementor-widget elementor-widget-text-editor\" data-id=\"ba2c141\" data-element_type=\"widget\" data-e-type=\"widget\" data-widget_type=\"text-editor.default\">\n\t\t\t\t<div class=\"elementor-widget-container\">\n\t\t\t\t\t\t\t\t\t<p>Dise\u00f1o y decoraci\u00f3n de interiores en Alegr\u00eda-Dulantzi. Decoraci\u00f3n en <a href=\"https:\/\/turismo.euskadi.eus\/es\/top10\/localidades\/vitoria\/aa30-12376\/es\/\" target=\"_blank\" rel=\"noopener\">Vitoria<\/a>. Decoraci\u00f3n en Salvatierra. Decoraci\u00f3n en Bilbao. Decoraci\u00f3n en Donosti. Reformas en Otxandiano. Parqu\u00e9s, suelos, puertas, cocinas, ba\u00f1os, papeles pintados.<\/p>\t\t\t\t\t\t\t\t<\/div>\n\t\t\t\t<\/div>\n\t\t\t\t<section class=\"elementor-section elementor-inner-section elementor-element elementor-element-98a5c3e elementor-section-boxed elementor-section-height-default elementor-section-height-default\" data-id=\"98a5c3e\" data-element_type=\"section\" data-e-type=\"section\">\n\t\t\t\t\t\t<div class=\"elementor-container elementor-column-gap-default\">\n\t\t\t\t\t<div class=\"elementor-column elementor-col-25 elementor-inner-column elementor-element elementor-element-ddfc272\" data-id=\"ddfc272\" data-element_type=\"column\" data-e-type=\"column\">\n\t\t\t<div class=\"elementor-widget-wrap elementor-element-populated\">\n\t\t\t\t\t\t<div class=\"elementor-element elementor-element-7e59f7b elementor-widget elementor-widget-image\" data-id=\"7e59f7b\" data-element_type=\"widget\" data-e-type=\"widget\" data-widget_type=\"image.default\">\n\t\t\t\t<div class=\"elementor-widget-container\">\n\t\t\t\t\t\t\t\t\t\t\t\t\t\t\t<img loading=\"lazy\" decoding=\"async\" width=\"150\" height=\"150\" src=\"https:\/\/mueblesinigo.com\/wp-content\/uploads\/2020\/06\/AdobeStock_307715986-150x150.jpeg\" class=\"attachment-thumbnail size-thumbnail wp-image-362\" alt=\"Proyecto de reforma y decoraci\u00f3n de una cocina simulada\" \/>\t\t\t\t\t\t\t\t\t\t\t\t\t\t\t<\/div>\n\t\t\t\t<\/div>\n\t\t\t\t\t<\/div>\n\t\t<\/div>\n\t\t\t\t<div class=\"elementor-column elementor-col-25 elementor-inner-column elementor-element elementor-element-9e1a56b\" data-id=\"9e1a56b\" data-element_type=\"column\" data-e-type=\"column\">\n\t\t\t<div class=\"elementor-widget-wrap elementor-element-populated\">\n\t\t\t\t\t\t<div class=\"elementor-element elementor-element-1cf2a9f elementor-widget elementor-widget-image\" data-id=\"1cf2a9f\" data-element_type=\"widget\" data-e-type=\"widget\" data-widget_type=\"image.default\">\n\t\t\t\t<div class=\"elementor-widget-container\">\n\t\t\t\t\t\t\t\t\t\t\t\t\t\t\t<img loading=\"lazy\" decoding=\"async\" width=\"150\" height=\"150\" src=\"https:\/\/mueblesinigo.com\/wp-content\/uploads\/2020\/06\/AdobeStock_219740721-150x150.jpeg\" class=\"attachment-thumbnail size-thumbnail wp-image-335\" alt=\"Decoraci\u00f3n de una oficina simulada\" \/>\t\t\t\t\t\t\t\t\t\t\t\t\t\t\t<\/div>\n\t\t\t\t<\/div>\n\t\t\t\t\t<\/div>\n\t\t<\/div>\n\t\t\t\t<div class=\"elementor-column elementor-col-25 elementor-inner-column elementor-element elementor-element-001a58f\" data-id=\"001a58f\" data-element_type=\"column\" data-e-type=\"column\">\n\t\t\t<div class=\"elementor-widget-wrap\">\n\t\t\t\t\t\t\t<\/div>\n\t\t<\/div>\n\t\t\t\t<div class=\"elementor-column elementor-col-25 elementor-inner-column elementor-element elementor-element-0cc784d\" data-id=\"0cc784d\" data-element_type=\"column\" data-e-type=\"column\">\n\t\t\t<div class=\"elementor-widget-wrap\">\n\t\t\t\t\t\t\t<\/div>\n\t\t<\/div>\n\t\t\t\t\t<\/div>\n\t\t<\/section>\n\t\t\t\t\t<\/div>\n\t\t<\/div>\n\t\t\t\t\t<\/div>\n\t\t<\/section>\n\t\t\t\t<\/div>","protected":false},"excerpt":{"rendered":"<p>Reformas en Vitoria. Muebles en Vitoria. Interiorismo y Dise\u00f1o Creamos espacios para t\u00ed y tu familia o tu trabajo.\u00a0 Nuestros dise\u00f1os son\u00a0ordenados, pr\u00e1cticos y\u00a0elegantes. Reformas completas y coordinaci\u00f3n de gremios Trabajamos con todos los gremios y los dirigimos personalmente. Los proyectos pueden ser integrales. Decoraci\u00f3n Si lo necesitas, tambi\u00e9n te asesoramos en decoraci\u00f3n. Desde la&hellip;&nbsp;<a href=\"https:\/\/mueblesinigo.com\/eu\/decoracion-reformas\/\" rel=\"bookmark\">Read More &raquo;<span class=\"screen-reader-text\">Dekorazioa eta berritzeak<\/span><\/a><\/p>","protected":false},"author":1,"featured_media":0,"parent":0,"menu_order":0,"comment_status":"closed","ping_status":"closed","template":"","meta":{"neve_meta_sidebar":"full-width","neve_meta_container":"","neve_meta_enable_content_width":"on","neve_meta_content_width":100,"neve_meta_title_alignment":"","neve_meta_author_avatar":"","neve_post_elements_order":"","neve_meta_disable_header":"","neve_meta_disable_footer":"","neve_meta_disable_title":"","_themeisle_gutenberg_block_has_review":false,"footnotes":""},"class_list":["post-32","page","type-page","status-publish","hentry"],"_links":{"self":[{"href":"https:\/\/mueblesinigo.com\/eu\/wp-json\/wp\/v2\/pages\/32","targetHints":{"allow":["GET"]}}],"collection":[{"href":"https:\/\/mueblesinigo.com\/eu\/wp-json\/wp\/v2\/pages"}],"about":[{"href":"https:\/\/mueblesinigo.com\/eu\/wp-json\/wp\/v2\/types\/page"}],"author":[{"embeddable":true,"href":"https:\/\/mueblesinigo.com\/eu\/wp-json\/wp\/v2\/users\/1"}],"replies":[{"embeddable":true,"href":"https:\/\/mueblesinigo.com\/eu\/wp-json\/wp\/v2\/comments?post=32"}],"version-history":[{"count":34,"href":"https:\/\/mueblesinigo.com\/eu\/wp-json\/wp\/v2\/pages\/32\/revisions"}],"predecessor-version":[{"id":588,"href":"https:\/\/mueblesinigo.com\/eu\/wp-json\/wp\/v2\/pages\/32\/revisions\/588"}],"wp:attachment":[{"href":"https:\/\/mueblesinigo.com\/eu\/wp-json\/wp\/v2\/media?parent=32"}],"curies":[{"name":"wp","href":"https:\/\/api.w.org\/{rel}","templated":true}]}}